{"id":127,"date":"2023-10-15T21:13:57","date_gmt":"2023-10-15T19:13:57","guid":{"rendered":"https:\/\/compagniejolla.com\/?page_id=127"},"modified":"2025-11-14T00:07:27","modified_gmt":"2025-11-13T23:07:27","slug":"espace-pro","status":"publish","type":"page","link":"https:\/\/compagniejolla.com\/index.php\/espace-pro\/","title":{"rendered":"Espace Pro"},"content":{"rendered":"\n<p class=\"has-text-align-justify has-text-align-justify\">Vous trouverez dans cette rubrique toutes les informations pratiques, logistiques et d\u00e9tails techniques pour l&rsquo;accueil de notre spectacle<\/p>\n\n\n\n<div style=\"height:20px\" aria-hidden=\"true\" class=\"wp-block-spacer\"><\/div>\n\n\n\n<p class=\"has-text-align-center\"><strong>T\u00e9l\u00e9charger le <a href=\"https:\/\/compagniejolla.com\/wp-content\/uploads\/2025\/09\/Dossier-diffusion-il-etait-une-fois-un-violon_23062025.pdf\" data-type=\"attachment\" data-id=\"887\">Dossier de diffusion<\/a><\/strong><\/p>\n\n\n\n<div style=\"height:20px\" aria-hidden=\"true\" class=\"wp-block-spacer\"><\/div>\n\n\n\n<br>\n\n\n\n<p class=\"has-text-align-center\"><strong>Visualiser les <a href=\"https:\/\/compagniejolla.com\/index.php\/captations\/\" data-type=\"page\" data-id=\"690\">Captations spectacles<\/a><\/strong><br>(contactez-nous pour obtenir le mot de passe)<\/p>\n\n\n\n<div style=\"height:20px\" aria-hidden=\"true\" class=\"wp-block-spacer\"><\/div>\n\n\n\n<div class=\"wp-block-group alignwide is-nowrap is-layout-flex wp-container-core-group-is-layout-ad2f72ca wp-block-group-is-layout-flex\">\n\t<div class=\"slideshow_container slideshow_container_style-light\" data-slideshow-id=\"201\" data-style-name=\"style-light\" data-style-version=\"2.5.20\">\n\t\t<div class=\"slideshow_loading_icon\"><\/div>\n\t\t<div class=\"slideshow_content\">\n\t\t\t<div class=\"slideshow_view\">\n\t\t\t\t<div class=\"slideshow_slide slideshow_slide_image\">\n\t\t\t\t\t\t\t\t\t\t\t<img loading=\"lazy\" decoding=\"async\" src=\"https:\/\/compagniejolla.com\/wp-content\/uploads\/2025\/02\/P1070280-scaled.jpeg\" alt=\"P1070280\" width=\"2560\" height=\"1708\" \/>\n\t\t\t\t\t\t\t\t\t\t<div class=\"slideshow_description_box slideshow_transparent\">\n\t\t\t\t\t\t<div class=\"slideshow_title\">P1070280<\/div>\t\t\t\t\t\t\t\t\t\t\t<\/div>\n\t\t\t\t<\/div>\n\n\t\t\t\t\t\t\t\t\t<\/div>\n\t\t\t<div class=\"slideshow_view\">\n\t\t\t\t<div class=\"slideshow_slide slideshow_slide_image\">\n\t\t\t\t\t\t\t\t\t\t\t<img loading=\"lazy\" decoding=\"async\" src=\"https:\/\/compagniejolla.com\/wp-content\/uploads\/2025\/02\/PHOTO-2025-01-31-23-20-43.jpg\" alt=\"PHOTO-2025-01-31-23-20-43\" width=\"1600\" height=\"900\" \/>\n\t\t\t\t\t\t\t\t\t\t<div class=\"slideshow_description_box slideshow_transparent\">\n\t\t\t\t\t\t<div class=\"slideshow_title\">PHOTO-2025-01-31-23-20-43<\/div>\t\t\t\t\t\t\t\t\t\t\t<\/div>\n\t\t\t\t<\/div>\n\n\t\t\t\t\t\t\t\t\t<\/div>\n\t\t\t<div class=\"slideshow_view\">\n\t\t\t\t<div class=\"slideshow_slide slideshow_slide_image\">\n\t\t\t\t\t\t\t\t\t\t\t<img loading=\"lazy\" decoding=\"async\" src=\"https:\/\/compagniejolla.com\/wp-content\/uploads\/2025\/02\/WhatsApp-Image-2025-02-08-at-14.44.35-scaled.jpeg\" alt=\"WhatsApp Image 2025-02-08 at 14.44.35\" width=\"2560\" height=\"1920\" \/>\n\t\t\t\t\t\t\t\t\t\t<div class=\"slideshow_description_box slideshow_transparent\">\n\t\t\t\t\t\t<div class=\"slideshow_title\">WhatsApp Image 2025-02-08 at 14.44.35<\/div>\t\t\t\t\t\t\t\t\t\t\t<\/div>\n\t\t\t\t<\/div>\n\n\t\t\t\t\t\t\t\t\t<\/div>\n\t\t\t<div class=\"slideshow_view\">\n\t\t\t\t<div class=\"slideshow_slide slideshow_slide_image\">\n\t\t\t\t\t\t\t\t\t\t\t<img loading=\"lazy\" decoding=\"async\" src=\"https:\/\/compagniejolla.com\/wp-content\/uploads\/2025\/02\/P1070280-scaled.jpeg\" alt=\"P1070280\" width=\"2560\" height=\"1708\" \/>\n\t\t\t\t\t\t\t\t\t\t<div class=\"slideshow_description_box slideshow_transparent\">\n\t\t\t\t\t\t<div class=\"slideshow_title\">P1070280<\/div>\t\t\t\t\t\t\t\t\t\t\t<\/div>\n\t\t\t\t<\/div>\n\n\t\t\t\t\t\t\t\t\t<\/div>\n\t\t\t<div class=\"slideshow_view\">\n\t\t\t\t<div class=\"slideshow_slide slideshow_slide_image\">\n\t\t\t\t\t\t\t\t\t\t\t<img loading=\"lazy\" decoding=\"async\" src=\"https:\/\/compagniejolla.com\/wp-content\/uploads\/2025\/02\/P1070481-scaled.jpeg\" alt=\"P1070481\" width=\"1708\" height=\"2560\" \/>\n\t\t\t\t\t\t\t\t\t\t<div class=\"slideshow_description_box slideshow_transparent\">\n\t\t\t\t\t\t<div class=\"slideshow_title\">P1070481<\/div>\t\t\t\t\t\t\t\t\t\t\t<\/div>\n\t\t\t\t<\/div>\n\n\t\t\t\t\t\t\t\t\t<\/div>\n\t\t\t<div class=\"slideshow_view\">\n\t\t\t\t<div class=\"slideshow_slide slideshow_slide_image\">\n\t\t\t\t\t\t\t\t\t\t\t<img loading=\"lazy\" decoding=\"async\" src=\"https:\/\/compagniejolla.com\/wp-content\/uploads\/2025\/02\/9af92e43-a4e1-4e85-b447-bb2d3229e5c1.jpeg\" alt=\"9af92e43-a4e1-4e85-b447-bb2d3229e5c1\" width=\"1167\" height=\"656\" \/>\n\t\t\t\t\t\t\t\t\t\t<div class=\"slideshow_description_box slideshow_transparent\">\n\t\t\t\t\t\t<div class=\"slideshow_title\">9af92e43-a4e1-4e85-b447-bb2d3229e5c1<\/div>\t\t\t\t\t\t\t\t\t\t\t<\/div>\n\t\t\t\t<\/div>\n\n\t\t\t\t\t\t\t\t\t<\/div>\n\t\t\t<div class=\"slideshow_view\">\n\t\t\t\t<div class=\"slideshow_slide slideshow_slide_image\">\n\t\t\t\t\t\t\t\t\t\t\t<img loading=\"lazy\" decoding=\"async\" src=\"https:\/\/compagniejolla.com\/wp-content\/uploads\/2025\/02\/P1070482-scaled.jpeg\" alt=\"P1070482\" width=\"2560\" height=\"1708\" \/>\n\t\t\t\t\t\t\t\t\t\t<div class=\"slideshow_description_box slideshow_transparent\">\n\t\t\t\t\t\t<div class=\"slideshow_title\">P1070482<\/div>\t\t\t\t\t\t\t\t\t\t\t<\/div>\n\t\t\t\t<\/div>\n\n\t\t\t\t\t\t\t\t\t<\/div>\n\t\t<\/div>\n\t\t<div class=\"slideshow_controlPanel slideshow_transparent\"><ul><li class=\"slideshow_togglePlay\" data-play-text=\"Lecture\" data-pause-text=\"Pause\"><\/li><\/ul><\/div>\n\t\t<div class=\"slideshow_button slideshow_previous slideshow_transparent\" role=\"button\" data-previous-text=\"Pr\u00e9c\u00e9dente\"><\/div>\n\t\t<div class=\"slideshow_button slideshow_next slideshow_transparent\" role=\"button\" data-next-text=\"Suivante\"><\/div>\n\t\t<div class=\"slideshow_pagination\" data-go-to-text=\"Aller \u00e0 la diapositive\"><div class=\"slideshow_pagination_center\"><\/div><\/div>\n\t<\/div>\n\n<\/div>\n","protected":false},"excerpt":{"rendered":"<p>Vous trouverez dans cette rubrique toutes les informations pratiques, logistiques et d\u00e9tails techniques pour l&rsquo;accueil de notre spectacle T\u00e9l\u00e9charger le Dossier de<\/p>\n<p class=\"link-more\"><a class=\"myButt \" href=\"https:\/\/compagniejolla.com\/index.php\/espace-pro\/\">Lire la suite<\/a><\/p>\n","protected":false},"author":1,"featured_media":0,"parent":0,"menu_order":0,"comment_status":"closed","ping_status":"closed","template":"","meta":{"footnotes":""},"class_list":["post-127","page","type-page","status-publish","hentry"],"_links":{"self":[{"href":"https:\/\/compagniejolla.com\/index.php\/wp-json\/wp\/v2\/pages\/127","targetHints":{"allow":["GET"]}}],"collection":[{"href":"https:\/\/compagniejolla.com\/index.php\/wp-json\/wp\/v2\/pages"}],"about":[{"href":"https:\/\/compagniejolla.com\/index.php\/wp-json\/wp\/v2\/types\/page"}],"author":[{"embeddable":true,"href":"https:\/\/compagniejolla.com\/index.php\/wp-json\/wp\/v2\/users\/1"}],"replies":[{"embeddable":true,"href":"https:\/\/compagniejolla.com\/index.php\/wp-json\/wp\/v2\/comments?post=127"}],"version-history":[{"count":44,"href":"https:\/\/compagniejolla.com\/index.php\/wp-json\/wp\/v2\/pages\/127\/revisions"}],"predecessor-version":[{"id":934,"href":"https:\/\/compagniejolla.com\/index.php\/wp-json\/wp\/v2\/pages\/127\/revisions\/934"}],"wp:attachment":[{"href":"https:\/\/compagniejolla.com\/index.php\/wp-json\/wp\/v2\/media?parent=127"}],"curies":[{"name":"wp","href":"https:\/\/api.w.org\/{rel}","templated":true}]}}